{"id":4199,"date":"2026-03-10T16:41:23","date_gmt":"2026-03-10T20:41:23","guid":{"rendered":"https:\/\/oehinc.com\/equipment\/non%20class\u00e9\/manitou-mlt-1035-l-lsu-turbo\/"},"modified":"2026-03-11T08:32:02","modified_gmt":"2026-03-11T12:32:02","slug":"manitou-mlt-1035-l-lsu-turbo","status":"publish","type":"product","link":"https:\/\/oehinc.com\/fr\/equipement\/equipement-usage\/manitou-mlt-1035-l-lsu-turbo\/","title":{"rendered":"Manitou MLT 1035 L LSU Turbo"},"content":{"rendered":"<p>Fiable, \u00e0 grande port\u00e9e, ce chariot t\u00e9lescopique est pr\u00eat \u00e0 travailler.<\/p>\n<p>Moteur turbo diesel, performance \u00e9prouv\u00e9e <strong>Manitou<\/strong>, id\u00e9al pour la <strong>construction, l\u2019agriculture et la manutention de mat\u00e9riaux<\/strong>, ainsi que pour les chantiers n\u00e9cessitant <strong>port\u00e9e et capacit\u00e9<\/strong>.<\/p>\n","protected":false},"excerpt":{"rendered":"<p>Fiable, \u00e0 grande port\u00e9e, ce chariot t\u00e9lescopique est pr\u00eat \u00e0 travailler. Moteur turbo diesel, performance \u00e9prouv\u00e9e Manitou, id\u00e9al pour la construction, l\u2019agriculture et la manutention de mat\u00e9riaux, ainsi que pour les chantiers n\u00e9cessitant port\u00e9e et capacit\u00e9.<\/p>\n","protected":false},"featured_media":4190,"template":"","meta":[],"product_brand":[311],"product_cat":[82],"product_tag":[217],"class_list":{"0":"post-4199","1":"product","2":"type-product","3":"status-publish","4":"has-post-thumbnail","6":"product_brand-manitou","7":"product_cat-equipement-usage","8":"product_tag-manitou","10":"first","11":"instock","12":"shipping-taxable","13":"product-type-simple"},"yoast_head":"<!-- This site is optimized with the Yoast SEO plugin v27.2 - https:\/\/yoast.com\/product\/yoast-seo-wordpress\/ -->\n<title>Manitou MLT 1035 L LSU Turbo | \u00c9quipement usag\u00e9 | OEH | \u00c9quipements de manutention et de levage<\/title>\n<meta name=\"description\" content=\"Obtenez plus de d\u00e9tails sur le Manitou MLT 1035 L LSU Turbo dans la section \u00c9quipement usag\u00e9 chez OEH, votre sp\u00e9cialiste en \u00e9quipements de levage et de manutention \u00e0 Ottawa.\" \/>\n<meta name=\"robots\" content=\"index, follow, max-snippet:-1, max-image-preview:large, max-video-preview:-1\" \/>\n<link rel=\"canonical\" href=\"https:\/\/oehinc.com\/fr\/equipement\/equipement-usage\/manitou-mlt-1035-l-lsu-turbo\/\" \/>\n<meta property=\"og:locale\" content=\"fr_FR\" \/>\n<meta property=\"og:type\" content=\"article\" \/>\n<meta property=\"og:title\" content=\"Manitou MLT 1035 L LSU Turbo | \u00c9quipement usag\u00e9 | OEH | \u00c9quipements de manutention et de levage\" \/>\n<meta property=\"og:description\" content=\"Obtenez plus de d\u00e9tails sur le Manitou MLT 1035 L LSU Turbo dans la section \u00c9quipement usag\u00e9 chez OEH, votre sp\u00e9cialiste en \u00e9quipements de levage et de manutention \u00e0 Ottawa.\" \/>\n<meta property=\"og:url\" content=\"https:\/\/oehinc.com\/fr\/equipement\/equipement-usage\/manitou-mlt-1035-l-lsu-turbo\/\" \/>\n<meta property=\"og:site_name\" content=\"OEH\" \/>\n<meta property=\"article:publisher\" content=\"https:\/\/www.facebook.com\/oehinc\" \/>\n<meta property=\"article:modified_time\" content=\"2026-03-11T12:32:02+00:00\" \/>\n<meta property=\"og:image\" content=\"https:\/\/oehinc.com\/wp-content\/uploads\/2026\/03\/2011-Manitou-MLT-1035-L-LSU-Turbo-1.webp\" \/>\n\t<meta property=\"og:image:width\" content=\"2016\" \/>\n\t<meta property=\"og:image:height\" content=\"1512\" \/>\n\t<meta property=\"og:image:type\" content=\"image\/webp\" \/>\n<meta name=\"twitter:card\" content=\"summary_large_image\" \/>\n<meta name=\"twitter:label1\" content=\"Dur\u00e9e de lecture estim\u00e9e\" \/>\n\t<meta name=\"twitter:data1\" content=\"1 minute\" \/>\n<script type=\"application\/ld+json\" class=\"yoast-schema-graph\">{\"@context\":\"https:\/\/schema.org\",\"@graph\":[{\"@type\":\"WebPage\",\"@id\":\"https:\/\/oehinc.com\/fr\/equipement\/equipement-usage\/manitou-mlt-1035-l-lsu-turbo\/\",\"url\":\"https:\/\/oehinc.com\/fr\/equipement\/equipement-usage\/manitou-mlt-1035-l-lsu-turbo\/\",\"name\":\"Manitou MLT 1035 L LSU Turbo | \u00c9quipement usag\u00e9 | OEH | \u00c9quipements de manutention et de levage\",\"isPartOf\":{\"@id\":\"https:\/\/oehinc.com\/fr\/#website\"},\"primaryImageOfPage\":{\"@id\":\"https:\/\/oehinc.com\/fr\/equipement\/equipement-usage\/manitou-mlt-1035-l-lsu-turbo\/#primaryimage\"},\"image\":{\"@id\":\"https:\/\/oehinc.com\/fr\/equipement\/equipement-usage\/manitou-mlt-1035-l-lsu-turbo\/#primaryimage\"},\"thumbnailUrl\":\"https:\/\/oehinc.com\/wp-content\/uploads\/2026\/03\/2011-Manitou-MLT-1035-L-LSU-Turbo-1.webp\",\"datePublished\":\"2026-03-10T20:41:23+00:00\",\"dateModified\":\"2026-03-11T12:32:02+00:00\",\"description\":\"Obtenez plus de d\u00e9tails sur le Manitou MLT 1035 L LSU Turbo dans la section \u00c9quipement usag\u00e9 chez OEH, votre sp\u00e9cialiste en \u00e9quipements de levage et de manutention \u00e0 Ottawa.\",\"breadcrumb\":{\"@id\":\"https:\/\/oehinc.com\/fr\/equipement\/equipement-usage\/manitou-mlt-1035-l-lsu-turbo\/#breadcrumb\"},\"inLanguage\":\"fr-FR\",\"potentialAction\":[{\"@type\":\"ReadAction\",\"target\":[\"https:\/\/oehinc.com\/fr\/equipement\/equipement-usage\/manitou-mlt-1035-l-lsu-turbo\/\"]}]},{\"@type\":\"ImageObject\",\"inLanguage\":\"fr-FR\",\"@id\":\"https:\/\/oehinc.com\/fr\/equipement\/equipement-usage\/manitou-mlt-1035-l-lsu-turbo\/#primaryimage\",\"url\":\"https:\/\/oehinc.com\/wp-content\/uploads\/2026\/03\/2011-Manitou-MLT-1035-L-LSU-Turbo-1.webp\",\"contentUrl\":\"https:\/\/oehinc.com\/wp-content\/uploads\/2026\/03\/2011-Manitou-MLT-1035-L-LSU-Turbo-1.webp\",\"width\":2016,\"height\":1512,\"caption\":\"Manitou MLT 1035 L LSU \u2013 Turbo\"},{\"@type\":\"BreadcrumbList\",\"@id\":\"https:\/\/oehinc.com\/fr\/equipement\/equipement-usage\/manitou-mlt-1035-l-lsu-turbo\/#breadcrumb\",\"itemListElement\":[{\"@type\":\"ListItem\",\"position\":1,\"name\":\"Home\",\"item\":\"https:\/\/oehinc.com\/fr\/\"},{\"@type\":\"ListItem\",\"position\":2,\"name\":\"\u00c9quipement\",\"item\":\"https:\/\/oehinc.com\/fr\/equipement\/\"},{\"@type\":\"ListItem\",\"position\":3,\"name\":\"Manitou MLT 1035 L LSU Turbo\"}]},{\"@type\":\"WebSite\",\"@id\":\"https:\/\/oehinc.com\/fr\/#website\",\"url\":\"https:\/\/oehinc.com\/fr\/\",\"name\":\"OEH inc.\",\"description\":\"\u00c9quipements de manutention et de levage\",\"publisher\":{\"@id\":\"https:\/\/oehinc.com\/fr\/#organization\"},\"alternateName\":\"Ottawa Equipment & Hydraulic Inc.\",\"potentialAction\":[{\"@type\":\"SearchAction\",\"target\":{\"@type\":\"EntryPoint\",\"urlTemplate\":\"https:\/\/oehinc.com\/fr\/?s={search_term_string}\"},\"query-input\":{\"@type\":\"PropertyValueSpecification\",\"valueRequired\":true,\"valueName\":\"search_term_string\"}}],\"inLanguage\":\"fr-FR\"},{\"@type\":\"Organization\",\"@id\":\"https:\/\/oehinc.com\/fr\/#organization\",\"name\":\"Ottawa Equipment & Hydraulic Inc.\",\"alternateName\":\"OEH Inc.\",\"url\":\"https:\/\/oehinc.com\/fr\/\",\"logo\":{\"@type\":\"ImageObject\",\"inLanguage\":\"fr-FR\",\"@id\":\"https:\/\/oehinc.com\/fr\/#\/schema\/logo\/image\/\",\"url\":\"https:\/\/oehinc.com\/wp-content\/uploads\/2025\/10\/oeh-logo-en.png\",\"contentUrl\":\"https:\/\/oehinc.com\/wp-content\/uploads\/2025\/10\/oeh-logo-en.png\",\"width\":486,\"height\":104,\"caption\":\"Ottawa Equipment & Hydraulic Inc.\"},\"image\":{\"@id\":\"https:\/\/oehinc.com\/fr\/#\/schema\/logo\/image\/\"},\"sameAs\":[\"https:\/\/www.facebook.com\/oehinc\",\"https:\/\/www.instagram.com\/oeh_official\/\",\"https:\/\/www.linkedin.com\/company\/ottawa-equipment-hydraulic\/\"]}]}<\/script>\n<!-- \/ Yoast SEO plugin. -->","yoast_head_json":{"title":"Manitou MLT 1035 L LSU Turbo | \u00c9quipement usag\u00e9 | OEH | \u00c9quipements de manutention et de levage","description":"Obtenez plus de d\u00e9tails sur le Manitou MLT 1035 L LSU Turbo dans la section \u00c9quipement usag\u00e9 chez OEH, votre sp\u00e9cialiste en \u00e9quipements de levage et de manutention \u00e0 Ottawa.","robots":{"index":"index","follow":"follow","max-snippet":"max-snippet:-1","max-image-preview":"max-image-preview:large","max-video-preview":"max-video-preview:-1"},"canonical":"https:\/\/oehinc.com\/fr\/equipement\/equipement-usage\/manitou-mlt-1035-l-lsu-turbo\/","og_locale":"fr_FR","og_type":"article","og_title":"Manitou MLT 1035 L LSU Turbo | \u00c9quipement usag\u00e9 | OEH | \u00c9quipements de manutention et de levage","og_description":"Obtenez plus de d\u00e9tails sur le Manitou MLT 1035 L LSU Turbo dans la section \u00c9quipement usag\u00e9 chez OEH, votre sp\u00e9cialiste en \u00e9quipements de levage et de manutention \u00e0 Ottawa.","og_url":"https:\/\/oehinc.com\/fr\/equipement\/equipement-usage\/manitou-mlt-1035-l-lsu-turbo\/","og_site_name":"OEH","article_publisher":"https:\/\/www.facebook.com\/oehinc","article_modified_time":"2026-03-11T12:32:02+00:00","og_image":[{"width":2016,"height":1512,"url":"https:\/\/oehinc.com\/wp-content\/uploads\/2026\/03\/2011-Manitou-MLT-1035-L-LSU-Turbo-1.webp","type":"image\/webp"}],"twitter_card":"summary_large_image","twitter_misc":{"Dur\u00e9e de lecture estim\u00e9e":"1 minute"},"schema":{"@context":"https:\/\/schema.org","@graph":[{"@type":"WebPage","@id":"https:\/\/oehinc.com\/fr\/equipement\/equipement-usage\/manitou-mlt-1035-l-lsu-turbo\/","url":"https:\/\/oehinc.com\/fr\/equipement\/equipement-usage\/manitou-mlt-1035-l-lsu-turbo\/","name":"Manitou MLT 1035 L LSU Turbo | \u00c9quipement usag\u00e9 | OEH | \u00c9quipements de manutention et de levage","isPartOf":{"@id":"https:\/\/oehinc.com\/fr\/#website"},"primaryImageOfPage":{"@id":"https:\/\/oehinc.com\/fr\/equipement\/equipement-usage\/manitou-mlt-1035-l-lsu-turbo\/#primaryimage"},"image":{"@id":"https:\/\/oehinc.com\/fr\/equipement\/equipement-usage\/manitou-mlt-1035-l-lsu-turbo\/#primaryimage"},"thumbnailUrl":"https:\/\/oehinc.com\/wp-content\/uploads\/2026\/03\/2011-Manitou-MLT-1035-L-LSU-Turbo-1.webp","datePublished":"2026-03-10T20:41:23+00:00","dateModified":"2026-03-11T12:32:02+00:00","description":"Obtenez plus de d\u00e9tails sur le Manitou MLT 1035 L LSU Turbo dans la section \u00c9quipement usag\u00e9 chez OEH, votre sp\u00e9cialiste en \u00e9quipements de levage et de manutention \u00e0 Ottawa.","breadcrumb":{"@id":"https:\/\/oehinc.com\/fr\/equipement\/equipement-usage\/manitou-mlt-1035-l-lsu-turbo\/#breadcrumb"},"inLanguage":"fr-FR","potentialAction":[{"@type":"ReadAction","target":["https:\/\/oehinc.com\/fr\/equipement\/equipement-usage\/manitou-mlt-1035-l-lsu-turbo\/"]}]},{"@type":"ImageObject","inLanguage":"fr-FR","@id":"https:\/\/oehinc.com\/fr\/equipement\/equipement-usage\/manitou-mlt-1035-l-lsu-turbo\/#primaryimage","url":"https:\/\/oehinc.com\/wp-content\/uploads\/2026\/03\/2011-Manitou-MLT-1035-L-LSU-Turbo-1.webp","contentUrl":"https:\/\/oehinc.com\/wp-content\/uploads\/2026\/03\/2011-Manitou-MLT-1035-L-LSU-Turbo-1.webp","width":2016,"height":1512,"caption":"Manitou MLT 1035 L LSU \u2013 Turbo"},{"@type":"BreadcrumbList","@id":"https:\/\/oehinc.com\/fr\/equipement\/equipement-usage\/manitou-mlt-1035-l-lsu-turbo\/#breadcrumb","itemListElement":[{"@type":"ListItem","position":1,"name":"Home","item":"https:\/\/oehinc.com\/fr\/"},{"@type":"ListItem","position":2,"name":"\u00c9quipement","item":"https:\/\/oehinc.com\/fr\/equipement\/"},{"@type":"ListItem","position":3,"name":"Manitou MLT 1035 L LSU Turbo"}]},{"@type":"WebSite","@id":"https:\/\/oehinc.com\/fr\/#website","url":"https:\/\/oehinc.com\/fr\/","name":"OEH inc.","description":"\u00c9quipements de manutention et de levage","publisher":{"@id":"https:\/\/oehinc.com\/fr\/#organization"},"alternateName":"Ottawa Equipment & Hydraulic Inc.","potentialAction":[{"@type":"SearchAction","target":{"@type":"EntryPoint","urlTemplate":"https:\/\/oehinc.com\/fr\/?s={search_term_string}"},"query-input":{"@type":"PropertyValueSpecification","valueRequired":true,"valueName":"search_term_string"}}],"inLanguage":"fr-FR"},{"@type":"Organization","@id":"https:\/\/oehinc.com\/fr\/#organization","name":"Ottawa Equipment & Hydraulic Inc.","alternateName":"OEH Inc.","url":"https:\/\/oehinc.com\/fr\/","logo":{"@type":"ImageObject","inLanguage":"fr-FR","@id":"https:\/\/oehinc.com\/fr\/#\/schema\/logo\/image\/","url":"https:\/\/oehinc.com\/wp-content\/uploads\/2025\/10\/oeh-logo-en.png","contentUrl":"https:\/\/oehinc.com\/wp-content\/uploads\/2025\/10\/oeh-logo-en.png","width":486,"height":104,"caption":"Ottawa Equipment & Hydraulic Inc."},"image":{"@id":"https:\/\/oehinc.com\/fr\/#\/schema\/logo\/image\/"},"sameAs":["https:\/\/www.facebook.com\/oehinc","https:\/\/www.instagram.com\/oeh_official\/","https:\/\/www.linkedin.com\/company\/ottawa-equipment-hydraulic\/"]}]}},"_links":{"self":[{"href":"https:\/\/oehinc.com\/fr\/wp-json\/wp\/v2\/product\/4199","targetHints":{"allow":["GET"]}}],"collection":[{"href":"https:\/\/oehinc.com\/fr\/wp-json\/wp\/v2\/product"}],"about":[{"href":"https:\/\/oehinc.com\/fr\/wp-json\/wp\/v2\/types\/product"}],"wp:featuredmedia":[{"embeddable":true,"href":"https:\/\/oehinc.com\/fr\/wp-json\/wp\/v2\/media\/4190"}],"wp:attachment":[{"href":"https:\/\/oehinc.com\/fr\/wp-json\/wp\/v2\/media?parent=4199"}],"wp:term":[{"taxonomy":"product_brand","embeddable":true,"href":"https:\/\/oehinc.com\/fr\/wp-json\/wp\/v2\/product_brand?post=4199"},{"taxonomy":"product_cat","embeddable":true,"href":"https:\/\/oehinc.com\/fr\/wp-json\/wp\/v2\/product_cat?post=4199"},{"taxonomy":"product_tag","embeddable":true,"href":"https:\/\/oehinc.com\/fr\/wp-json\/wp\/v2\/product_tag?post=4199"}],"curies":[{"name":"wp","href":"https:\/\/api.w.org\/{rel}","templated":true}]}}