{"id":1619,"date":"2025-11-03T21:32:19","date_gmt":"2025-11-03T21:32:19","guid":{"rendered":"https:\/\/dev.oehinc.com\/equipment\/non%20class\u00e9\/rear-mount-forklift-kit-with-platform\/"},"modified":"2025-11-03T21:32:34","modified_gmt":"2025-11-03T21:32:34","slug":"rear-mount-forklift-kit-with-platform","status":"publish","type":"product","link":"https:\/\/oehinc.com\/fr\/equipement\/camions-sur-mesure\/rear-mount-forklift-kit-with-platform\/","title":{"rendered":"Rear Mount Forklift Kit with Platform"},"content":{"rendered":"","protected":false},"excerpt":{"rendered":"","protected":false},"featured_media":1611,"template":"","meta":[],"product_brand":[],"product_cat":[80],"product_tag":[300,304],"class_list":{"0":"post-1619","1":"product","2":"type-product","3":"status-publish","4":"has-post-thumbnail","6":"product_cat-camions-sur-mesure","7":"product_tag-construction-et-materiaux","8":"product_tag-industriel","10":"first","11":"instock","12":"shipping-taxable","13":"product-type-simple"},"yoast_head":"<!-- This site is optimized with the Yoast SEO plugin v27.4 - https:\/\/yoast.com\/product\/yoast-seo-wordpress\/ -->\n<title>Rear Mount Forklift Kit with Platform | Camions sur mesure | OEH | \u00c9quipements de manutention et de levage<\/title>\n<meta name=\"description\" content=\"Obtenez plus de d\u00e9tails sur le Rear Mount Forklift Kit with Platform dans la section Camions sur mesure chez OEH, votre sp\u00e9cialiste en \u00e9quipements de levage et de manutention \u00e0 Ottawa.\" \/>\n<meta name=\"robots\" content=\"index, follow, max-snippet:-1, max-image-preview:large, max-video-preview:-1\" \/>\n<link rel=\"canonical\" href=\"https:\/\/oehinc.com\/fr\/equipement\/camions-sur-mesure\/rear-mount-forklift-kit-with-platform\/\" \/>\n<meta property=\"og:locale\" content=\"fr_FR\" \/>\n<meta property=\"og:type\" content=\"article\" \/>\n<meta property=\"og:title\" content=\"Rear Mount Forklift Kit with Platform | Camions sur mesure | OEH | \u00c9quipements de manutention et de levage\" \/>\n<meta property=\"og:description\" content=\"Obtenez plus de d\u00e9tails sur le Rear Mount Forklift Kit with Platform dans la section Camions sur mesure chez OEH, votre sp\u00e9cialiste en \u00e9quipements de levage et de manutention \u00e0 Ottawa.\" \/>\n<meta property=\"og:url\" content=\"https:\/\/oehinc.com\/fr\/equipement\/camions-sur-mesure\/rear-mount-forklift-kit-with-platform\/\" \/>\n<meta property=\"og:site_name\" content=\"OEH\" \/>\n<meta property=\"article:publisher\" content=\"https:\/\/www.facebook.com\/oehinc\" \/>\n<meta property=\"article:modified_time\" content=\"2025-11-03T21:32:34+00:00\" \/>\n<meta property=\"og:image\" content=\"https:\/\/oehinc.com\/wp-content\/uploads\/2025\/11\/rear-mount-forklift-kit-with-platform-1.webp\" \/>\n\t<meta property=\"og:image:width\" content=\"1920\" \/>\n\t<meta property=\"og:image:height\" content=\"1440\" \/>\n\t<meta property=\"og:image:type\" content=\"image\/webp\" \/>\n<meta name=\"twitter:card\" content=\"summary_large_image\" \/>\n<script type=\"application\/ld+json\" class=\"yoast-schema-graph\">{\"@context\":\"https:\\\/\\\/schema.org\",\"@graph\":[{\"@type\":\"WebPage\",\"@id\":\"https:\\\/\\\/oehinc.com\\\/fr\\\/equipement\\\/camions-sur-mesure\\\/rear-mount-forklift-kit-with-platform\\\/\",\"url\":\"https:\\\/\\\/oehinc.com\\\/fr\\\/equipement\\\/camions-sur-mesure\\\/rear-mount-forklift-kit-with-platform\\\/\",\"name\":\"Rear Mount Forklift Kit with Platform | Camions sur mesure | OEH | \u00c9quipements de manutention et de levage\",\"isPartOf\":{\"@id\":\"https:\\\/\\\/oehinc.com\\\/fr\\\/#website\"},\"primaryImageOfPage\":{\"@id\":\"https:\\\/\\\/oehinc.com\\\/fr\\\/equipement\\\/camions-sur-mesure\\\/rear-mount-forklift-kit-with-platform\\\/#primaryimage\"},\"image\":{\"@id\":\"https:\\\/\\\/oehinc.com\\\/fr\\\/equipement\\\/camions-sur-mesure\\\/rear-mount-forklift-kit-with-platform\\\/#primaryimage\"},\"thumbnailUrl\":\"https:\\\/\\\/oehinc.com\\\/wp-content\\\/uploads\\\/2025\\\/11\\\/rear-mount-forklift-kit-with-platform-1.webp\",\"datePublished\":\"2025-11-03T21:32:19+00:00\",\"dateModified\":\"2025-11-03T21:32:34+00:00\",\"description\":\"Obtenez plus de d\u00e9tails sur le Rear Mount Forklift Kit with Platform dans la section Camions sur mesure chez OEH, votre sp\u00e9cialiste en \u00e9quipements de levage et de manutention \u00e0 Ottawa.\",\"breadcrumb\":{\"@id\":\"https:\\\/\\\/oehinc.com\\\/fr\\\/equipement\\\/camions-sur-mesure\\\/rear-mount-forklift-kit-with-platform\\\/#breadcrumb\"},\"inLanguage\":\"fr-FR\",\"potentialAction\":[{\"@type\":\"ReadAction\",\"target\":[\"https:\\\/\\\/oehinc.com\\\/fr\\\/equipement\\\/camions-sur-mesure\\\/rear-mount-forklift-kit-with-platform\\\/\"]}]},{\"@type\":\"ImageObject\",\"inLanguage\":\"fr-FR\",\"@id\":\"https:\\\/\\\/oehinc.com\\\/fr\\\/equipement\\\/camions-sur-mesure\\\/rear-mount-forklift-kit-with-platform\\\/#primaryimage\",\"url\":\"https:\\\/\\\/oehinc.com\\\/wp-content\\\/uploads\\\/2025\\\/11\\\/rear-mount-forklift-kit-with-platform-1.webp\",\"contentUrl\":\"https:\\\/\\\/oehinc.com\\\/wp-content\\\/uploads\\\/2025\\\/11\\\/rear-mount-forklift-kit-with-platform-1.webp\",\"width\":1920,\"height\":1440,\"caption\":\"Rear Mount Forklift Kit with Platform\"},{\"@type\":\"BreadcrumbList\",\"@id\":\"https:\\\/\\\/oehinc.com\\\/fr\\\/equipement\\\/camions-sur-mesure\\\/rear-mount-forklift-kit-with-platform\\\/#breadcrumb\",\"itemListElement\":[{\"@type\":\"ListItem\",\"position\":1,\"name\":\"Home\",\"item\":\"https:\\\/\\\/oehinc.com\\\/fr\\\/\"},{\"@type\":\"ListItem\",\"position\":2,\"name\":\"\u00c9quipement\",\"item\":\"https:\\\/\\\/oehinc.com\\\/fr\\\/equipement\\\/\"},{\"@type\":\"ListItem\",\"position\":3,\"name\":\"Rear Mount Forklift Kit with Platform\"}]},{\"@type\":\"WebSite\",\"@id\":\"https:\\\/\\\/oehinc.com\\\/fr\\\/#website\",\"url\":\"https:\\\/\\\/oehinc.com\\\/fr\\\/\",\"name\":\"OEH inc.\",\"description\":\"\u00c9quipements de manutention et de levage\",\"publisher\":{\"@id\":\"https:\\\/\\\/oehinc.com\\\/fr\\\/#organization\"},\"alternateName\":\"Ottawa Equipment & Hydraulic Inc.\",\"potentialAction\":[{\"@type\":\"SearchAction\",\"target\":{\"@type\":\"EntryPoint\",\"urlTemplate\":\"https:\\\/\\\/oehinc.com\\\/fr\\\/?s={search_term_string}\"},\"query-input\":{\"@type\":\"PropertyValueSpecification\",\"valueRequired\":true,\"valueName\":\"search_term_string\"}}],\"inLanguage\":\"fr-FR\"},{\"@type\":\"Organization\",\"@id\":\"https:\\\/\\\/oehinc.com\\\/fr\\\/#organization\",\"name\":\"Ottawa Equipment & Hydraulic Inc.\",\"alternateName\":\"OEH Inc.\",\"url\":\"https:\\\/\\\/oehinc.com\\\/fr\\\/\",\"logo\":{\"@type\":\"ImageObject\",\"inLanguage\":\"fr-FR\",\"@id\":\"https:\\\/\\\/oehinc.com\\\/fr\\\/#\\\/schema\\\/logo\\\/image\\\/\",\"url\":\"https:\\\/\\\/oehinc.com\\\/wp-content\\\/uploads\\\/2025\\\/10\\\/oeh-logo-en.png\",\"contentUrl\":\"https:\\\/\\\/oehinc.com\\\/wp-content\\\/uploads\\\/2025\\\/10\\\/oeh-logo-en.png\",\"width\":486,\"height\":104,\"caption\":\"Ottawa Equipment & Hydraulic Inc.\"},\"image\":{\"@id\":\"https:\\\/\\\/oehinc.com\\\/fr\\\/#\\\/schema\\\/logo\\\/image\\\/\"},\"sameAs\":[\"https:\\\/\\\/www.facebook.com\\\/oehinc\",\"https:\\\/\\\/www.instagram.com\\\/oeh_official\\\/\",\"https:\\\/\\\/www.linkedin.com\\\/company\\\/ottawa-equipment-hydraulic\\\/\"]}]}<\/script>\n<!-- \/ Yoast SEO plugin. -->","yoast_head_json":{"title":"Rear Mount Forklift Kit with Platform | Camions sur mesure | OEH | \u00c9quipements de manutention et de levage","description":"Obtenez plus de d\u00e9tails sur le Rear Mount Forklift Kit with Platform dans la section Camions sur mesure chez OEH, votre sp\u00e9cialiste en \u00e9quipements de levage et de manutention \u00e0 Ottawa.","robots":{"index":"index","follow":"follow","max-snippet":"max-snippet:-1","max-image-preview":"max-image-preview:large","max-video-preview":"max-video-preview:-1"},"canonical":"https:\/\/oehinc.com\/fr\/equipement\/camions-sur-mesure\/rear-mount-forklift-kit-with-platform\/","og_locale":"fr_FR","og_type":"article","og_title":"Rear Mount Forklift Kit with Platform | Camions sur mesure | OEH | \u00c9quipements de manutention et de levage","og_description":"Obtenez plus de d\u00e9tails sur le Rear Mount Forklift Kit with Platform dans la section Camions sur mesure chez OEH, votre sp\u00e9cialiste en \u00e9quipements de levage et de manutention \u00e0 Ottawa.","og_url":"https:\/\/oehinc.com\/fr\/equipement\/camions-sur-mesure\/rear-mount-forklift-kit-with-platform\/","og_site_name":"OEH","article_publisher":"https:\/\/www.facebook.com\/oehinc","article_modified_time":"2025-11-03T21:32:34+00:00","og_image":[{"width":1920,"height":1440,"url":"https:\/\/oehinc.com\/wp-content\/uploads\/2025\/11\/rear-mount-forklift-kit-with-platform-1.webp","type":"image\/webp"}],"twitter_card":"summary_large_image","schema":{"@context":"https:\/\/schema.org","@graph":[{"@type":"WebPage","@id":"https:\/\/oehinc.com\/fr\/equipement\/camions-sur-mesure\/rear-mount-forklift-kit-with-platform\/","url":"https:\/\/oehinc.com\/fr\/equipement\/camions-sur-mesure\/rear-mount-forklift-kit-with-platform\/","name":"Rear Mount Forklift Kit with Platform | Camions sur mesure | OEH | \u00c9quipements de manutention et de levage","isPartOf":{"@id":"https:\/\/oehinc.com\/fr\/#website"},"primaryImageOfPage":{"@id":"https:\/\/oehinc.com\/fr\/equipement\/camions-sur-mesure\/rear-mount-forklift-kit-with-platform\/#primaryimage"},"image":{"@id":"https:\/\/oehinc.com\/fr\/equipement\/camions-sur-mesure\/rear-mount-forklift-kit-with-platform\/#primaryimage"},"thumbnailUrl":"https:\/\/oehinc.com\/wp-content\/uploads\/2025\/11\/rear-mount-forklift-kit-with-platform-1.webp","datePublished":"2025-11-03T21:32:19+00:00","dateModified":"2025-11-03T21:32:34+00:00","description":"Obtenez plus de d\u00e9tails sur le Rear Mount Forklift Kit with Platform dans la section Camions sur mesure chez OEH, votre sp\u00e9cialiste en \u00e9quipements de levage et de manutention \u00e0 Ottawa.","breadcrumb":{"@id":"https:\/\/oehinc.com\/fr\/equipement\/camions-sur-mesure\/rear-mount-forklift-kit-with-platform\/#breadcrumb"},"inLanguage":"fr-FR","potentialAction":[{"@type":"ReadAction","target":["https:\/\/oehinc.com\/fr\/equipement\/camions-sur-mesure\/rear-mount-forklift-kit-with-platform\/"]}]},{"@type":"ImageObject","inLanguage":"fr-FR","@id":"https:\/\/oehinc.com\/fr\/equipement\/camions-sur-mesure\/rear-mount-forklift-kit-with-platform\/#primaryimage","url":"https:\/\/oehinc.com\/wp-content\/uploads\/2025\/11\/rear-mount-forklift-kit-with-platform-1.webp","contentUrl":"https:\/\/oehinc.com\/wp-content\/uploads\/2025\/11\/rear-mount-forklift-kit-with-platform-1.webp","width":1920,"height":1440,"caption":"Rear Mount Forklift Kit with Platform"},{"@type":"BreadcrumbList","@id":"https:\/\/oehinc.com\/fr\/equipement\/camions-sur-mesure\/rear-mount-forklift-kit-with-platform\/#breadcrumb","itemListElement":[{"@type":"ListItem","position":1,"name":"Home","item":"https:\/\/oehinc.com\/fr\/"},{"@type":"ListItem","position":2,"name":"\u00c9quipement","item":"https:\/\/oehinc.com\/fr\/equipement\/"},{"@type":"ListItem","position":3,"name":"Rear Mount Forklift Kit with Platform"}]},{"@type":"WebSite","@id":"https:\/\/oehinc.com\/fr\/#website","url":"https:\/\/oehinc.com\/fr\/","name":"OEH inc.","description":"\u00c9quipements de manutention et de levage","publisher":{"@id":"https:\/\/oehinc.com\/fr\/#organization"},"alternateName":"Ottawa Equipment & Hydraulic Inc.","potentialAction":[{"@type":"SearchAction","target":{"@type":"EntryPoint","urlTemplate":"https:\/\/oehinc.com\/fr\/?s={search_term_string}"},"query-input":{"@type":"PropertyValueSpecification","valueRequired":true,"valueName":"search_term_string"}}],"inLanguage":"fr-FR"},{"@type":"Organization","@id":"https:\/\/oehinc.com\/fr\/#organization","name":"Ottawa Equipment & Hydraulic Inc.","alternateName":"OEH Inc.","url":"https:\/\/oehinc.com\/fr\/","logo":{"@type":"ImageObject","inLanguage":"fr-FR","@id":"https:\/\/oehinc.com\/fr\/#\/schema\/logo\/image\/","url":"https:\/\/oehinc.com\/wp-content\/uploads\/2025\/10\/oeh-logo-en.png","contentUrl":"https:\/\/oehinc.com\/wp-content\/uploads\/2025\/10\/oeh-logo-en.png","width":486,"height":104,"caption":"Ottawa Equipment & Hydraulic Inc."},"image":{"@id":"https:\/\/oehinc.com\/fr\/#\/schema\/logo\/image\/"},"sameAs":["https:\/\/www.facebook.com\/oehinc","https:\/\/www.instagram.com\/oeh_official\/","https:\/\/www.linkedin.com\/company\/ottawa-equipment-hydraulic\/"]}]}},"_links":{"self":[{"href":"https:\/\/oehinc.com\/fr\/wp-json\/wp\/v2\/product\/1619","targetHints":{"allow":["GET"]}}],"collection":[{"href":"https:\/\/oehinc.com\/fr\/wp-json\/wp\/v2\/product"}],"about":[{"href":"https:\/\/oehinc.com\/fr\/wp-json\/wp\/v2\/types\/product"}],"wp:featuredmedia":[{"embeddable":true,"href":"https:\/\/oehinc.com\/fr\/wp-json\/wp\/v2\/media\/1611"}],"wp:attachment":[{"href":"https:\/\/oehinc.com\/fr\/wp-json\/wp\/v2\/media?parent=1619"}],"wp:term":[{"taxonomy":"product_brand","embeddable":true,"href":"https:\/\/oehinc.com\/fr\/wp-json\/wp\/v2\/product_brand?post=1619"},{"taxonomy":"product_cat","embeddable":true,"href":"https:\/\/oehinc.com\/fr\/wp-json\/wp\/v2\/product_cat?post=1619"},{"taxonomy":"product_tag","embeddable":true,"href":"https:\/\/oehinc.com\/fr\/wp-json\/wp\/v2\/product_tag?post=1619"}],"curies":[{"name":"wp","href":"https:\/\/api.w.org\/{rel}","templated":true}]}}